{"id":244,"date":"2013-09-01T14:24:04","date_gmt":"2013-09-01T14:24:04","guid":{"rendered":"http:\/\/www.digh.org\/cms\/ueber-das-digh-2.html"},"modified":"2013-09-01T17:12:00","modified_gmt":"2013-09-01T15:12:00","slug":"ueber-das-digh-2","status":"publish","type":"page","link":"https:\/\/www.digh.org\/cms\/ueber-das-digh-2.html","title":{"rendered":"\u00dcber das DIGH"},"content":{"rendered":"<p>Auf den folgenden Seiten m\u00f6chten wir Ihnen das DIGH n\u00e4her vorstellen.<\/p>\n","protected":false},"excerpt":{"rendered":"<p>DIGH, Deutsches Institut f\u00fcr geographische Herkunftsangaben e.V.<\/p>\n","protected":false},"author":1,"featured_media":0,"parent":0,"menu_order":2,"comment_status":"closed","ping_status":"closed","template":"","meta":{"footnotes":""},"class_list":["post-244","page","type-page","status-publish","hentry"],"_links":{"self":[{"href":"https:\/\/www.digh.org\/cms\/wp-json\/wp\/v2\/pages\/244","targetHints":{"allow":["GET"]}}],"collection":[{"href":"https:\/\/www.digh.org\/cms\/wp-json\/wp\/v2\/pages"}],"about":[{"href":"https:\/\/www.digh.org\/cms\/wp-json\/wp\/v2\/types\/page"}],"author":[{"embeddable":true,"href":"https:\/\/www.digh.org\/cms\/wp-json\/wp\/v2\/users\/1"}],"replies":[{"embeddable":true,"href":"https:\/\/www.digh.org\/cms\/wp-json\/wp\/v2\/comments?post=244"}],"version-history":[{"count":3,"href":"https:\/\/www.digh.org\/cms\/wp-json\/wp\/v2\/pages\/244\/revisions"}],"predecessor-version":[{"id":330,"href":"https:\/\/www.digh.org\/cms\/wp-json\/wp\/v2\/pages\/244\/revisions\/330"}],"wp:attachment":[{"href":"https:\/\/www.digh.org\/cms\/wp-json\/wp\/v2\/media?parent=244"}],"curies":[{"name":"wp","href":"https:\/\/api.w.org\/{rel}","templated":true}]}}