{"id":242,"date":"2013-09-01T14:24:04","date_gmt":"2013-09-01T14:24:04","guid":{"rendered":"http:\/\/www.digh.org\/cms\/herzlich-willkommen-auf-der-website-des-digh-2.html"},"modified":"2013-09-01T17:35:37","modified_gmt":"2013-09-01T15:35:37","slug":"herzlich-willkommen-auf-der-website-des-digh-2","status":"publish","type":"page","link":"https:\/\/www.digh.org\/cms\/","title":{"rendered":"Herzlich Willkommen auf der Website des DIGH !"},"content":{"rendered":"<p align=\"justify\">Das Deutsche Institut zum Schutze von geographischen Herkunftsangaben e.V., abgek\u00fcrzt &#8222;DIGH&#8220;, ist ein eingetragener Verein.<\/p>\n<p align=\"justify\">Das DIGH wurde im Jahre 1975 durch eine Reihe von Verb\u00e4nden unter Beteiligung der Bundesministerien der Justiz, f\u00fcr Gesundheit, f\u00fcr Wirtschaft, f\u00fcr Ern\u00e4hrung, Landwirtschaft und Forsten und f\u00fcr Gesundheit gegr\u00fcndet.<br \/>Das DIGH ist beim Amtsgericht K\u00f6ln unter dem Vereinsregister Nr.\u00a043\u00a0VR\u00a07215 eingetragen.<\/p>\n<p>&nbsp;<\/p>\n<p>Das DIGH hat seinen Sitz in K\u00f6ln. Dort befindet sich die Gesch\u00e4ftsstelle und das Sekretariat, Konrad-Adenauer-Ufer 11, 50668 K\u00f6ln<br \/>Telefon:\u00a00221\/650\u00a065\u00a0137<br \/>Telefax:\u00a00221\/650\u00a065\u00a0135<br \/>e-mail:\u00a0<a href=\"mailto:info@digh.org\">info@digh.org<\/a><\/p>\n","protected":false},"excerpt":{"rendered":"<p>DIGH, Deutsches Institut f\u00fcr geographische Herkunftsangaben e.V.<\/p>\n","protected":false},"author":1,"featured_media":0,"parent":0,"menu_order":1,"comment_status":"closed","ping_status":"closed","template":"","meta":{"footnotes":""},"class_list":["post-242","page","type-page","status-publish","hentry"],"_links":{"self":[{"href":"https:\/\/www.digh.org\/cms\/wp-json\/wp\/v2\/pages\/242","targetHints":{"allow":["GET"]}}],"collection":[{"href":"https:\/\/www.digh.org\/cms\/wp-json\/wp\/v2\/pages"}],"about":[{"href":"https:\/\/www.digh.org\/cms\/wp-json\/wp\/v2\/types\/page"}],"author":[{"embeddable":true,"href":"https:\/\/www.digh.org\/cms\/wp-json\/wp\/v2\/users\/1"}],"replies":[{"embeddable":true,"href":"https:\/\/www.digh.org\/cms\/wp-json\/wp\/v2\/comments?post=242"}],"version-history":[{"count":3,"href":"https:\/\/www.digh.org\/cms\/wp-json\/wp\/v2\/pages\/242\/revisions"}],"predecessor-version":[{"id":356,"href":"https:\/\/www.digh.org\/cms\/wp-json\/wp\/v2\/pages\/242\/revisions\/356"}],"wp:attachment":[{"href":"https:\/\/www.digh.org\/cms\/wp-json\/wp\/v2\/media?parent=242"}],"curies":[{"name":"wp","href":"https:\/\/api.w.org\/{rel}","templated":true}]}}