{"id":234,"date":"2013-09-01T14:24:02","date_gmt":"2013-09-01T12:24:02","guid":{"rendered":"http:\/\/www.digh.org\/cms\/geographische-herkunftsangaben-2.html"},"modified":"2016-09-05T16:30:59","modified_gmt":"2016-09-05T14:30:59","slug":"geographische-herkunftsangaben-2","status":"publish","type":"page","link":"https:\/\/www.digh.org\/cms\/geographische-herkunftsangaben-2.html","title":{"rendered":"Geographische Herkunftsangaben"},"content":{"rendered":"<div align=\"justify\">Hier finden Sie Informationen dar\u00fcber, was eine Herkunftsangabe ist und wie sie gesch\u00fctzt werden k\u00f6nnen.<\/div>\n<div align=\"justify\"><\/div>\n<div align=\"justify\">Das DIGH verwaltet und pflegt eine Datenbank, in der alle gesch\u00fctzten Ursprungsbezeichnungen und gesch\u00fctzten geographischen Angaben gem. der Verordnung Nr.\u00a01151\/2012 (vormals Verordnung Nr. 2081\/92 und Verordnung (EG) Nr. 510\/2006) zusammengefasst sind. Auch diese finden Sie hier.<\/div>\n","protected":false},"excerpt":{"rendered":"<p>DIGH, Deutsches Institut f\u00fcr geographische Herkunftsangaben e.V.<\/p>\n","protected":false},"author":1,"featured_media":0,"parent":0,"menu_order":3,"comment_status":"closed","ping_status":"closed","template":"","meta":{"footnotes":""},"class_list":["post-234","page","type-page","status-publish","hentry"],"_links":{"self":[{"href":"https:\/\/www.digh.org\/cms\/wp-json\/wp\/v2\/pages\/234","targetHints":{"allow":["GET"]}}],"collection":[{"href":"https:\/\/www.digh.org\/cms\/wp-json\/wp\/v2\/pages"}],"about":[{"href":"https:\/\/www.digh.org\/cms\/wp-json\/wp\/v2\/types\/page"}],"author":[{"embeddable":true,"href":"https:\/\/www.digh.org\/cms\/wp-json\/wp\/v2\/users\/1"}],"replies":[{"embeddable":true,"href":"https:\/\/www.digh.org\/cms\/wp-json\/wp\/v2\/comments?post=234"}],"version-history":[{"count":15,"href":"https:\/\/www.digh.org\/cms\/wp-json\/wp\/v2\/pages\/234\/revisions"}],"predecessor-version":[{"id":420,"href":"https:\/\/www.digh.org\/cms\/wp-json\/wp\/v2\/pages\/234\/revisions\/420"}],"wp:attachment":[{"href":"https:\/\/www.digh.org\/cms\/wp-json\/wp\/v2\/media?parent=234"}],"curies":[{"name":"wp","href":"https:\/\/api.w.org\/{rel}","templated":true}]}}