{"id":227,"date":"2013-09-01T14:24:00","date_gmt":"2013-09-01T14:24:00","guid":{"rendered":"http:\/\/www.digh.org\/cms\/aufgaben-und-ziele-2.html"},"modified":"2016-09-05T16:31:47","modified_gmt":"2016-09-05T14:31:47","slug":"aufgaben-und-ziele-2","status":"publish","type":"page","link":"https:\/\/www.digh.org\/cms\/ueber-das-digh-2\/aufgaben-und-ziele-2.html","title":{"rendered":"Aufgaben und Ziele"},"content":{"rendered":"<p align=\"justify\">Gem\u00e4\u00df seiner Satzung dient das DIGH dem Schutz und der F\u00f6rderung geographischer Herkunftsangaben, um deren besondere Bedeutung f\u00fcr die berechtigten Benutzer, f\u00fcr die Verbraucher und f\u00fcr den lauteren Wettbewerb zu sichern.<\/p>\n<p align=\"justify\">Die satzungsm\u00e4\u00dfigen Aufgaben des DIGH sind daher insbesondere Dokumentation, Aufkl\u00e4rung, \u00d6ffentlichkeitsarbeit, Beratung, Zusammenarbeit mit gesetzgebenden K\u00f6rperschaften, Beh\u00f6rden, Verb\u00e4nden, Organisationen der Landwirtschaft und der gewerblichen Wirtschaft und der Verbraucherschaft sowie mit entsprechenden Institutionen im Ausland.<br \/>\nAusserdem geh\u00f6ren auch die Mitwirkung bei der Sicherung des Schutzes geographischer Herkunftsangaben im Wege geeigneter Ma\u00dfnahmen im In- und Ausland sowie die Mitwirkung bei der Schaffung von Schutzbestimmungen im nationalen und internationalen Bereich zu den satzungsm\u00e4\u00dfigen Aufgaben.<\/p>\n<p align=\"justify\">Die t\u00e4gliche Arbeit des DIGH besteht in der \u00dcberwachung des Umgangs mit geographischen Herkunftsangaben, in der Abgabe von Stellungnahmen bei der Eintragung von geographischen Angaben und Ursprungsbezeichnungen in das von der EU gem\u00e4\u00df der Verordnung\u00a01151\/2012 (vormals Verordnung 2081\/92 und Verordnung\u00a0(EG) Nr. 510\/2006) gef\u00fchrte Register sowie bei der Eintragung von Verbandszeichen, in der Teilnahme und Mitwirkung bei Gesetzesvorhaben, die geographische Herkunftsangaben betreffen, und auch bei der Bearbeitung internationaler Vertr\u00e4ge.<br \/>\nDar\u00fcber hinaus ist das DIGH Ansprechpartner all derjenigen, die Ausk\u00fcnfte und Hilfe im Zusammenhang mit geographischen Herkunftsangaben ben\u00f6tigen.<\/p>\n<p align=\"justify\">Diese Aufgaben werden durch eine Gesch\u00e4ftsf\u00fchrung erledigt, die unter Aufsicht des Vorstandes t\u00e4tig ist.<\/p>\n","protected":false},"excerpt":{"rendered":"<p>DIGH, Deutsches Institut f\u00fcr geographische Herkunftsangaben e.V.<\/p>\n","protected":false},"author":1,"featured_media":0,"parent":244,"menu_order":1,"comment_status":"closed","ping_status":"closed","template":"","meta":{"footnotes":""},"class_list":["post-227","page","type-page","status-publish","hentry"],"_links":{"self":[{"href":"https:\/\/www.digh.org\/cms\/wp-json\/wp\/v2\/pages\/227","targetHints":{"allow":["GET"]}}],"collection":[{"href":"https:\/\/www.digh.org\/cms\/wp-json\/wp\/v2\/pages"}],"about":[{"href":"https:\/\/www.digh.org\/cms\/wp-json\/wp\/v2\/types\/page"}],"author":[{"embeddable":true,"href":"https:\/\/www.digh.org\/cms\/wp-json\/wp\/v2\/users\/1"}],"replies":[{"embeddable":true,"href":"https:\/\/www.digh.org\/cms\/wp-json\/wp\/v2\/comments?post=227"}],"version-history":[{"count":5,"href":"https:\/\/www.digh.org\/cms\/wp-json\/wp\/v2\/pages\/227\/revisions"}],"predecessor-version":[{"id":421,"href":"https:\/\/www.digh.org\/cms\/wp-json\/wp\/v2\/pages\/227\/revisions\/421"}],"up":[{"embeddable":true,"href":"https:\/\/www.digh.org\/cms\/wp-json\/wp\/v2\/pages\/244"}],"wp:attachment":[{"href":"https:\/\/www.digh.org\/cms\/wp-json\/wp\/v2\/media?parent=227"}],"curies":[{"name":"wp","href":"https:\/\/api.w.org\/{rel}","templated":true}]}}